{"id":79,"date":"2013-01-22T18:55:41","date_gmt":"2013-01-22T17:55:41","guid":{"rendered":"http:\/\/www.judo-center-ybbstal.at\/website\/?page_id=79"},"modified":"2026-01-23T15:22:42","modified_gmt":"2026-01-23T14:22:42","slug":"impressum","status":"publish","type":"page","link":"http:\/\/judo.sv-ulmerfeld.at\/?page_id=79","title":{"rendered":"Impressum"},"content":{"rendered":"<p>judo-center-ybbstal.at ist als Informations- und Serviceplattform konzipiert. Verantwortlich f\u00fcr die Planung, Realisierung und Betreuung der Internetinhalte\u00a0von judo-center-ybbstal.at:<\/p>\n<p><span style=\"color: #0000ff;\"><a style=\"color: #0000ff;\" href=\"http:\/\/www.sv-ulmerfeld.at\/sv_ulmerfeld\/\"><strong>Sportverein Ulmerfeld-Hausmening<\/strong><\/a><\/span><br \/>\n<em>Sektion Judo Center Ybbstal<\/em><br \/>\nA-3363 Ulmerfeld-Hausmening<br \/>\nTel.: +43 676 402 1947<br \/>\n<a href=\"mailto:christoph.wadl@comteam.at\">E-Mail Redaktion<br \/>\n<\/a>ZVR: 131170697<\/p>\n<p><strong>Haftungsausschluss<\/strong><\/p>\n<p>Diese Website dient zu Ihrer Information. Sie wird mit Sorgfalt bearbeitet. Sowohl f\u00fcr die Auswahl der einzelnen Verweise wie f\u00fcr die Beitr\u00e4ge in den Kategorien kann f\u00fcr Vollst\u00e4ndigkeit, Auswahl und inhaltliche Richtigkeit der Informationen keine Haftung \u00fcbernommen werden. Der Betreiber kann f\u00fcr fremde Inhalte, die durch die angebotene Datenbank erreichbar sind (Links),\u00a0sowie\u00a0von Dritten (&#8222;Partnern&#8220;) eingestellte oder via automatischer Schnittstelle \u00fcbermittelter Inhalte, Lichtbilder, Grafiken und dergleichen\u00a0keine Haftung \u00fcbernehmen. Insbesondere sind urheberrechtliche Anspr\u00fcche gegen den Beitreiber ausgeschlossen.<\/p>\n<p>Die auf der Website judo-center-ybbstal ver\u00f6ffentlichten Beitr\u00e4ge sind urheberrechtlich gesch\u00fctzt. Jede unberechtigte Vervielf\u00e4ltigung und\/oder Verbreitung dieser Seiten stellt eine Verletzung des \u00d6sterreichischen Urheberrechtsgesetzes (UrhG) dar.<\/p>\n<p>Dieser Haftungsausschluss ist als Teil des Internetangebotes zu betrachten, von dem aus auf diese Seite verwiesen wurde.<\/p>\n","protected":false},"excerpt":{"rendered":"<p>judo-center-ybbstal.at ist als Informations- und Serviceplattform konzipiert. Verantwortlich f\u00fcr die Planung, Realisierung und Betreuung der Internetinhalte\u00a0von judo-center-ybbstal.at: Sportverein Ulmerfeld-Hausmening Sektion Judo Center Ybbstal A-3363 Ulmerfeld-Hausmening Tel.: +43 676 402 1947 [&hellip;]<\/p>\n","protected":false},"author":4,"featured_media":0,"parent":0,"menu_order":0,"comment_status":"closed","ping_status":"closed","template":"page-full-width.php","meta":[],"_links":{"self":[{"href":"http:\/\/judo.sv-ulmerfeld.at\/index.php?rest_route=\/wp\/v2\/pages\/79"}],"collection":[{"href":"http:\/\/judo.sv-ulmerfeld.at\/index.php?rest_route=\/wp\/v2\/pages"}],"about":[{"href":"http:\/\/judo.sv-ulmerfeld.at\/index.php?rest_route=\/wp\/v2\/types\/page"}],"author":[{"embeddable":true,"href":"http:\/\/judo.sv-ulmerfeld.at\/index.php?rest_route=\/wp\/v2\/users\/4"}],"replies":[{"embeddable":true,"href":"http:\/\/judo.sv-ulmerfeld.at\/index.php?rest_route=%2Fwp%2Fv2%2Fcomments&post=79"}],"version-history":[{"count":6,"href":"http:\/\/judo.sv-ulmerfeld.at\/index.php?rest_route=\/wp\/v2\/pages\/79\/revisions"}],"predecessor-version":[{"id":1507,"href":"http:\/\/judo.sv-ulmerfeld.at\/index.php?rest_route=\/wp\/v2\/pages\/79\/revisions\/1507"}],"wp:attachment":[{"href":"http:\/\/judo.sv-ulmerfeld.at\/index.php?rest_route=%2Fwp%2Fv2%2Fmedia&parent=79"}],"curies":[{"name":"wp","href":"https:\/\/api.w.org\/{rel}","templated":true}]}}