{"id":48,"date":"2013-01-13T11:22:37","date_gmt":"2013-01-13T10:22:37","guid":{"rendered":"http:\/\/www.judo-center-ybbstal.at\/website\/?page_id=48"},"modified":"2020-03-26T14:20:16","modified_gmt":"2020-03-26T13:20:16","slug":"links","status":"publish","type":"page","link":"http:\/\/judo.sv-ulmerfeld.at\/?page_id=48","title":{"rendered":"Links"},"content":{"rendered":"<p>&nbsp;<\/p>\n<ul>\n<li><a href=\"https:\/\/www.judoaustria.at\/\">\u00d6sterreichischer Judoverband<\/a><\/li>\n<li><a href=\"https:\/\/www.judo-noe.at\/\">Nieder\u00f6sterreichischer Judoverband<\/a><\/li>\n<li><a href=\"http:\/\/www.sv-ulmerfeld.at\/sv_ulmerfeld\/\">SV-Ulmerfeld<\/a><\/li>\n<li><a href=\"https:\/\/www.c-and-a.com\/at\/de\/shop\/selbstverteidigung-hobby-kinder\">Selbstverteidigung f\u00fcr Kinder<\/a><\/li>\n<\/ul>\n<p>&nbsp;<\/p>\n","protected":false},"excerpt":{"rendered":"<p>&nbsp; \u00d6sterreichischer Judoverband Nieder\u00f6sterreichischer Judoverband SV-Ulmerfeld Selbstverteidigung f\u00fcr Kinder &nbsp;<\/p>\n","protected":false},"author":4,"featured_media":0,"parent":0,"menu_order":0,"comment_status":"closed","ping_status":"closed","template":"","meta":[],"_links":{"self":[{"href":"http:\/\/judo.sv-ulmerfeld.at\/index.php?rest_route=\/wp\/v2\/pages\/48"}],"collection":[{"href":"http:\/\/judo.sv-ulmerfeld.at\/index.php?rest_route=\/wp\/v2\/pages"}],"about":[{"href":"http:\/\/judo.sv-ulmerfeld.at\/index.php?rest_route=\/wp\/v2\/types\/page"}],"author":[{"embeddable":true,"href":"http:\/\/judo.sv-ulmerfeld.at\/index.php?rest_route=\/wp\/v2\/users\/4"}],"replies":[{"embeddable":true,"href":"http:\/\/judo.sv-ulmerfeld.at\/index.php?rest_route=%2Fwp%2Fv2%2Fcomments&post=48"}],"version-history":[{"count":21,"href":"http:\/\/judo.sv-ulmerfeld.at\/index.php?rest_route=\/wp\/v2\/pages\/48\/revisions"}],"predecessor-version":[{"id":1035,"href":"http:\/\/judo.sv-ulmerfeld.at\/index.php?rest_route=\/wp\/v2\/pages\/48\/revisions\/1035"}],"wp:attachment":[{"href":"http:\/\/judo.sv-ulmerfeld.at\/index.php?rest_route=%2Fwp%2Fv2%2Fmedia&parent=48"}],"curies":[{"name":"wp","href":"https:\/\/api.w.org\/{rel}","templated":true}]}}