{"id":299,"date":"2013-12-17T09:02:13","date_gmt":"2013-12-17T08:02:13","guid":{"rendered":"http:\/\/judo.sv-ulmerfeld.at\/?page_id=299"},"modified":"2017-02-09T14:54:14","modified_gmt":"2017-02-09T13:54:14","slug":"vereinsgeschichte","status":"publish","type":"page","link":"http:\/\/judo.sv-ulmerfeld.at\/?page_id=299","title":{"rendered":"Vereinsgeschichte"},"content":{"rendered":"<p>Im Jahre 1967 gr\u00fcndete Christoph Wadl \u00a0(Sch\u00fcler von Anton Geesink, 3 facher Weltmeister und Olympiasieger) das Judo-Center-Ybbstal als Sektion des Sportvereins Ulmerfeld-Hausmening. Damit begann die Erfolgsgeschichte des Judosports im Ybbs- und Erlauftal.<\/p>\n<p>Die positive Entwicklung der Sektion im Breiten und Leistungssport brachte die Mannschaft 1972 als ersten nieder\u00f6sterreichischen Verein in die \u00f6sterreichische Staatsliga. Ab 1973 wurden unsere Judokas (Kampfmannschaft) vom Japaner Sasaki Kimsaiomon trainiert. Die Judo Sch\u00fcler wurden weiters vom Trainer Christoph Wadl ausgebildet.<br \/>\nBei den\u00a0<a href=\"http:\/\/de.wikipedia.org\/wiki\/Judo-Weltmeisterschaften\" target=\"_blank\">Judo-Weltmeisterschaften<\/a>\u00a01984 in Wien ging aus unseren Reihen die 4 fache Staatsmeisterin\u00a0<a href=\"http:\/\/www.judoinside.com\/judoka\/view\/22569\/renate_feyrer\/\" target=\"_blank\">Renate Feyrer<\/a>\u00a0an den Start.<\/p>\n<p>Eine gro\u00dfe Ehre f\u00fcr den Verein war der 3-t\u00e4gige Besuch des h\u00f6chsten Repr\u00e4sentanten der \u00e4ltesten Judo-Schule der Welt, der\u00a0<a href=\"http:\/\/en.wikipedia.org\/wiki\/Kodokan\" target=\"_blank\">Kodokan Universit\u00e4t<\/a>\u00a0in Tokio. Mr. Tiger mit seinem Weltmeisterschafts-Team ( 5 Weltmeister und Vizeweltmeister) hielt mit unseren Judokas ein gemeinsames Training ab.<\/p>\n","protected":false},"excerpt":{"rendered":"<p>Im Jahre 1967 gr\u00fcndete Christoph Wadl \u00a0(Sch\u00fcler von Anton Geesink, 3 facher Weltmeister und Olympiasieger) das Judo-Center-Ybbstal als Sektion des Sportvereins Ulmerfeld-Hausmening. Damit begann die Erfolgsgeschichte des Judosports im Ybbs- [&hellip;]<\/p>\n","protected":false},"author":4,"featured_media":0,"parent":0,"menu_order":0,"comment_status":"closed","ping_status":"closed","template":"","meta":[],"_links":{"self":[{"href":"http:\/\/judo.sv-ulmerfeld.at\/index.php?rest_route=\/wp\/v2\/pages\/299"}],"collection":[{"href":"http:\/\/judo.sv-ulmerfeld.at\/index.php?rest_route=\/wp\/v2\/pages"}],"about":[{"href":"http:\/\/judo.sv-ulmerfeld.at\/index.php?rest_route=\/wp\/v2\/types\/page"}],"author":[{"embeddable":true,"href":"http:\/\/judo.sv-ulmerfeld.at\/index.php?rest_route=\/wp\/v2\/users\/4"}],"replies":[{"embeddable":true,"href":"http:\/\/judo.sv-ulmerfeld.at\/index.php?rest_route=%2Fwp%2Fv2%2Fcomments&post=299"}],"version-history":[{"count":3,"href":"http:\/\/judo.sv-ulmerfeld.at\/index.php?rest_route=\/wp\/v2\/pages\/299\/revisions"}],"predecessor-version":[{"id":772,"href":"http:\/\/judo.sv-ulmerfeld.at\/index.php?rest_route=\/wp\/v2\/pages\/299\/revisions\/772"}],"wp:attachment":[{"href":"http:\/\/judo.sv-ulmerfeld.at\/index.php?rest_route=%2Fwp%2Fv2%2Fmedia&parent=299"}],"curies":[{"name":"wp","href":"https:\/\/api.w.org\/{rel}","templated":true}]}}