{"id":195,"date":"2013-04-05T14:45:29","date_gmt":"2013-04-05T12:45:29","guid":{"rendered":"http:\/\/judo.sv-ulmerfeld.at\/?page_id=195"},"modified":"2023-11-22T19:51:27","modified_gmt":"2023-11-22T18:51:27","slug":"prufungsfragen-zur-gurtelprufung","status":"publish","type":"page","link":"http:\/\/judo.sv-ulmerfeld.at\/?page_id=195","title":{"rendered":"Pr\u00fcfungsfragen zur G\u00fcrtelpr\u00fcfung!"},"content":{"rendered":"<p>Die folgenden Tests enhalten jeweils die f\u00fcr den Kyu-Grad speziellen Fragen.<br \/>\nBei einer G\u00fcrtelpr\u00fcfung werden diese Fragen im speziellen behandelt, es k\u00f6nnen aber auch Fragen aus den niedrigeren Kyu-Graden vorkommen.<br \/>\nz.B. Bei der Pr\u00fcfung zum 9. Kyu (Gelb) kann durchaus auch eine Frage aus dem 10.Kyu (Wei\u00df-Gelb) kommen!<\/p>\n<ul>\n<li style=\"text-align: left;\">Kyu 11 (Wei\u00df\/1 Sonne\/ab 5)<\/li>\n<li style=\"text-align: left;\">Kyu 11 (Wei\u00df\/2 Sonnen\/ab 6)<\/li>\n<li style=\"text-align: left;\">Kyu 11 (Wei\u00df\/3 Sonnen\/ab 7)<\/li>\n<li style=\"text-align: left;\"><a title=\"Pr\u00fcfungsfragen Kyu 6\/5 (Wei\u00df-Gelb)\" href=\"http:\/\/judo.sv-ulmerfeld.at\/?page_id=187\">Kyu 10 (Wei\u00df-Gelb\/ab 7)<\/a><\/li>\n<li style=\"text-align: left;\"><a title=\"Pr\u00fcfungsfragen Kyu 5 (Gelb)\" href=\"http:\/\/judo.sv-ulmerfeld.at\/?page_id=211\">Kyu 9 \u00a0 (Gelb\/ab8)<\/a><\/li>\n<li style=\"text-align: left;\">Kyu 8 \u00a0 (Gelb-Orange\/ab 8)<\/li>\n<li style=\"text-align: left;\">Kyu 7 \u00a0 (Orange\/ab 9)<\/li>\n<li style=\"text-align: left;\">Kyu 6 \u00a0 (Orange-Gr\u00fcn\/ab 10)<\/li>\n<li style=\"text-align: left;\">Kyu 5 \u00a0 (Gr\u00fcn\/ ab 11)<\/li>\n<li style=\"text-align: left;\">Kyu 4 \u00a0 (Gr\u00fcn-Blau\/ab 12)<\/li>\n<li style=\"text-align: left;\">Kyu 3 \u00a0 (Blau\/ab 13)<\/li>\n<li style=\"text-align: left;\">Kyu 2 \u00a0 (Blau-Braun\/ab 14)<\/li>\n<li style=\"text-align: left;\">Kyu 1 \u00a0 (Braun\/ab 15)<\/li>\n<\/ul>\n<p><strong>Handzeichen des Kampfrichters<\/strong><\/p>\n<p><a href=\"http:\/\/judo.sv-ulmerfeld.at\/wp-content\/uploads\/2013\/04\/Zeichen-1.jpg\"><img decoding=\"async\" loading=\"lazy\" class=\"alignnone wp-image-822\" src=\"http:\/\/judo.sv-ulmerfeld.at\/wp-content\/uploads\/2013\/04\/Zeichen-1-259x300.jpg\" alt=\"\" width=\"270\" height=\"312\" srcset=\"http:\/\/judo.sv-ulmerfeld.at\/wp-content\/uploads\/2013\/04\/Zeichen-1-259x300.jpg 259w, http:\/\/judo.sv-ulmerfeld.at\/wp-content\/uploads\/2013\/04\/Zeichen-1.jpg 473w\" sizes=\"(max-width: 270px) 100vw, 270px\" \/><\/a><\/p>\n<p><strong>Obi-Knotentechnik<\/strong><\/p>\n<p><a href=\"http:\/\/judo.sv-ulmerfeld.at\/wp-content\/uploads\/2013\/04\/obi-technik.jpg\"><img decoding=\"async\" loading=\"lazy\" class=\"alignnone size-medium wp-image-797\" src=\"http:\/\/judo.sv-ulmerfeld.at\/wp-content\/uploads\/2013\/04\/obi-technik-300x216.jpg\" alt=\"\" width=\"300\" height=\"216\" srcset=\"http:\/\/judo.sv-ulmerfeld.at\/wp-content\/uploads\/2013\/04\/obi-technik-300x216.jpg 300w, http:\/\/judo.sv-ulmerfeld.at\/wp-content\/uploads\/2013\/04\/obi-technik.jpg 480w\" sizes=\"(max-width: 300px) 100vw, 300px\" \/><\/a><\/p>\n<p><strong>Links<\/strong><\/p>\n<ul>\n<li><a href=\"https:\/\/oejv.com\/videos-wkr-2017\">Wertungen von W\u00fcrfen und verbotene Handlungen<\/a><\/li>\n<li><a href=\"https:\/\/www.oejv.com\/wp-content\/uploads\/2010\/09\/KyuProgramm_2016-V2_2.pdf\">Kyu Pr\u00fcfungsprogramm ab 2016<\/a><\/li>\n<li><a href=\"https:\/\/www.oejv.com\/wp-content\/uploads\/2010\/09\/Kyu-Heft_Ausgabe2016-nurFragenAntworten02.pdf\">Kyu Heft Ausgabe 2016 &#8211; Fragen und Antworten<\/a><\/li>\n<li><a href=\"https:\/\/youtube.com\/channel\/UCMHO1FloOEx0BcVajniKRZA\">G\u00fcrtelpr\u00fcfungsvideos<\/a><\/li>\n<li><a href=\"https:\/\/www.judoaustria.at\/\/wp-content\/uploads\/2019\/02\/Kinderregel-ab-2019.pdf\">Kinderregeln ab 2019<\/a><\/li>\n<li><a href=\"http:\/\/judo.sv-ulmerfeld.at\/?ddownload=1451\">Kinderregeln ab 2024<\/a><\/li>\n<\/ul>\n","protected":false},"excerpt":{"rendered":"<p>Die folgenden Tests enhalten jeweils die f\u00fcr den Kyu-Grad speziellen Fragen. Bei einer G\u00fcrtelpr\u00fcfung werden diese Fragen im speziellen behandelt, es k\u00f6nnen aber auch Fragen aus den niedrigeren Kyu-Graden vorkommen. [&hellip;]<\/p>\n","protected":false},"author":4,"featured_media":0,"parent":0,"menu_order":0,"comment_status":"closed","ping_status":"closed","template":"","meta":[],"_links":{"self":[{"href":"http:\/\/judo.sv-ulmerfeld.at\/index.php?rest_route=\/wp\/v2\/pages\/195"}],"collection":[{"href":"http:\/\/judo.sv-ulmerfeld.at\/index.php?rest_route=\/wp\/v2\/pages"}],"about":[{"href":"http:\/\/judo.sv-ulmerfeld.at\/index.php?rest_route=\/wp\/v2\/types\/page"}],"author":[{"embeddable":true,"href":"http:\/\/judo.sv-ulmerfeld.at\/index.php?rest_route=\/wp\/v2\/users\/4"}],"replies":[{"embeddable":true,"href":"http:\/\/judo.sv-ulmerfeld.at\/index.php?rest_route=%2Fwp%2Fv2%2Fcomments&post=195"}],"version-history":[{"count":22,"href":"http:\/\/judo.sv-ulmerfeld.at\/index.php?rest_route=\/wp\/v2\/pages\/195\/revisions"}],"predecessor-version":[{"id":1454,"href":"http:\/\/judo.sv-ulmerfeld.at\/index.php?rest_route=\/wp\/v2\/pages\/195\/revisions\/1454"}],"wp:attachment":[{"href":"http:\/\/judo.sv-ulmerfeld.at\/index.php?rest_route=%2Fwp%2Fv2%2Fmedia&parent=195"}],"curies":[{"name":"wp","href":"https:\/\/api.w.org\/{rel}","templated":true}]}}