{"id":180,"date":"2013-04-04T21:46:58","date_gmt":"2013-04-04T19:46:58","guid":{"rendered":"http:\/\/judo.sv-ulmerfeld.at\/?page_id=180"},"modified":"2016-03-21T15:05:44","modified_gmt":"2016-03-21T14:05:44","slug":"uber-uns-3","status":"publish","type":"page","link":"http:\/\/judo.sv-ulmerfeld.at\/?page_id=180","title":{"rendered":"\u00dcber uns"},"content":{"rendered":"<p><strong><u>Judo Referat<\/u><\/strong><\/p>\n<p>Judo geht in das 7 Jahrhundert zur\u00fcck.\u00a0Seit 717 fand am Kaiserhof j\u00e4hrlich Preisringen statt, an den Ringer aus den Provinzen teilnahmen.\u00a0Die Bushi K\u00e4mpfer griffen dieses Sumo auf die mit voller R\u00fcstung k\u00e4mpften.\u00a0Mit dem Aufstieg der Kriegsklasse Ende des 12 Jahrhunderts, erlebten die Kampfk\u00fcnste einen starken Aufschwung.\u00a0Im Japan der Ashikaga-Epoche, entwickelten sich unterschiedliche waffenlose Nahkampfsysteme.\u00a0Kulturelles Geschehen vom Geist der Bushido bestimmt,\u00a0Jigoro KANO lebte von 1860 bis 1938 wuchs in diesem Japan der extremen Ver\u00e4nderungen auf.<\/p>\n<p>1882 gr\u00fcndete Jigiro KANO seine eigene Schule, den KODOKAN in der N\u00e4he des Eisho-Tempels in Tokio.\u00a0Eines Tages sa\u00df Kano bei starkem Sturm am Fenster seiner Schule und sah wie der Sturm den Kirschbaum im Sturm die \u00c4ste brach und in der n\u00e4he des Weidenbaums beim Sturm sich hin und her bewegte, so das kein Ast brach (nachgeben).\u00a0Er nannte seine Kunst JUDO \u2013 der \u201esanfte Weg\u201c oder auch \u201eGrundsatz des Nachgeben\u201c.\u00a0Judo setzte sich in Japan erst durch, als die Sch\u00fcler KANOS im Jahre 1886 einen regul\u00e4ren Kampf \u00a0zwischen der KODOKAN Schule und der traditionellen Jiu Jitsu Schulen f\u00fcr sich entscheiden konnten.\u00a0Auf Grund dieses Erfolges verbreitete sich JUDO in Japan rasch und wurde bald bei der Polizei und der Armee eingef\u00fchrt.<\/p>\n<p>Seit 1911 wird Judo in allen Mittelschulen Pflichtfach.\u00a0Der Weg in den Westen war 1906 wo Japanische Kriegsschiffe zu einem Freundschaftbesuch nach Kiel kamen.\u00a0Die G\u00e4ste f\u00fchrten dem Deutschen Kaiser Wilhelm II ihre Nahkampfk\u00fcnste vor, er war so begeistert und lies seien Kadetten in der neuen Kampfkunst unterrichten.\u00a0Nach dem zweiten Weltkrieg war Judo bis 1948 in Europa durch die Alliierten verboten.\u00a0Zu diesem Zeitpunkt wurde JUDO auch in \u00d6sterreich eingef\u00fchrt.\u00a01956 fanden in Tokio die ersten Weltmeisterschaften in der Offenen Gewichtsklasse \u00a0statt.\u00a0Bei den dritten Weltmeisterschaften 1961 in Paris wurden erstmals Gewichtsklassen eingef\u00fchrt, dort gelang es den Niederl\u00e4nder\u00a0ANTON \u00a0GEESINK erstmals die Vormachtstellung der Japaner zu brechen und zu besiegen.<\/p>\n<p>Bei den Olympischen Spielen in Tokio 1964 war JUDO erstmals als Olympischer Sport \u00a0zu sehen.\u00a0Im Jahre 1988 war JUDO erstmals bei den Paralympics in Seoul mit dabei.<\/p>\n<p>In Amstetten wurde 1959 erstmals JUDO eingef\u00fchrt, wo sich in kurzer Zeit \u00a0zwei Vereine bildeten.<\/p>\n<p>1967 wurde durch Christoph Wadl \u00a0( Sch\u00fcler von Anton Geesink, 3 facher Weltmeister und Olympiasieger), Judo im Ybbstal und Erlauftal eingef\u00fchrt.<\/p>\n<p>Die positive Entwicklung des Vereines von Ulmerfeld im Breiten und Leistungssport brachte die Mannschaft 1972 in die\u00a0\u00d6sterreichische Staatsliega als ersten Nieder\u00f6sterreichischen Verein.\u00a0Zu diesem Zeitpunkt wurde ein japanischer Trainer Namens SASAKI Kimsaiomon vom Verein angestellt.\u00a0Bei den Weltmeisterschaften in Wien konnte die 4 fache Staatsmeisterin vom Verein Renate Feyrer an den Start gehen.<\/p>\n<p>H\u00f6hepunkt war die Einladung von Christoph Wadl an den H\u00f6chsten Repr\u00e4sentanten der Kodokan Universit\u00e4t von Tokio Mr. Tiger mit seinem Team von der Weltmeisterschaft \u00a0( 5 Weltmeister und Vizeweltmeister),\u00a0den Verein zu besuchen, um mit diesen gemeinsam ein Training zu gestalten.<\/p>\n<p>Die Abordnung war drei Tage Gast in Ulmerfeld-Hausmening.\u00a0In den 90 Jahren war durch den aus Winklarn stammenden\u00a0Peter \u00a0Seisenbacher\u00a0 ( dreifacher Welt und Olypiasieger) nicht\u00a0 nur im Verein sondern auch \u00d6sterreich weit ein gro\u00dfer Ansturm an Nachwuchsjudokas\u00a0 zu verzeichnen.<\/p>\n<p>In meiner Familie hat jeder den Judo Sport erlernt und betrieben, jetzt bin ich an der Reihe, denn ich betreibe seit meinem 6 Lebensjahr diese Judo Sport mit Begeisterung.<\/p>\n<p>Ich habe durch viel Flei\u00df und Ausdauer und Training viele Preise und Titel bereits mit nach Hause gebracht.<\/p>\n<p>Meine Ziele sind mitzuhelfen beim Training, den Nachwuchs im Verein zu unterst\u00fctzen, den JUDO f\u00f6rdert &#8211; Disziplin, Kameradschaft, Gehorsamkeit, Verantwortung, Konzentration, Fairness, Geschicklichkeit, Teamgeist, macht\u00a0 Spa\u00df\u00a0 und baut Aggressionen ab.<\/p>\n<p>JUDO\u00a0 WIRD\u00a0 VON\u00a0 \u00c4RZTEN\u00a0 EMPFOHLEN !<\/p>\n<p>Ich gehe zwei bis dreimal in der Woche in das Training wo ich meinem Opa beim Trainer des Nachwuchses helfe.<\/p>\n<p>JUDO kennt \u2013 keine Schl\u00e4ge \u2013 keine Tritte \u2013 keine Verletzungsabsicht \u2013 keine Erniedrigung des Gegners.<\/p>\n<p>Judo ist ein Zweikampfsport und ein \u00a0Mannschaftssport.<\/p>\n<p>Unsere Kleidung im Sport hei\u00dft Kimono und besteht aus drei Teilen \u2013 Jacke (Kimono), Hose (Zupon) und G\u00fcrtel (Obi).<\/p>\n<p>Wir Trainieren auf einer Matte (Tatami) in einem Turnasaal (Dojo) genannt.<\/p>\n<p>Im Judo werden nach K\u00f6nnen Kyugrade (G\u00fcrtel) vergeben, diese sind vor einer Kommision (Pr\u00fcfer) abzulegen.<\/p>\n<p>Beim Erstbeitritt bekommt das Mitglied den 11. Kyugrad (wei\u00df Gurt), und je nach k\u00f6nnen gewisser Griffe und W\u00fcrfe kann der n\u00e4chste Kyugrad erworben werden.<\/p>\n<p>Bis zum 15. Lebensalter gibt es zwischen Grade, ab 16 Lebensalter Vollgrade.<\/p>\n<p>Die einzelnen G\u00fcrtelfarben im Judo \u2013 wei\u00df, gelb, orange, gr\u00fcn, blau, braun \u2013 Meistergrad schwarz 1.Dan bis zum 10 Dan genannt.<\/p>\n","protected":false},"excerpt":{"rendered":"<p>Judo Referat Judo geht in das 7 Jahrhundert zur\u00fcck.\u00a0Seit 717 fand am Kaiserhof j\u00e4hrlich Preisringen statt, an den Ringer aus den Provinzen teilnahmen.\u00a0Die Bushi K\u00e4mpfer griffen dieses Sumo auf die [&hellip;]<\/p>\n","protected":false},"author":4,"featured_media":0,"parent":0,"menu_order":0,"comment_status":"closed","ping_status":"closed","template":"","meta":[],"_links":{"self":[{"href":"http:\/\/judo.sv-ulmerfeld.at\/index.php?rest_route=\/wp\/v2\/pages\/180"}],"collection":[{"href":"http:\/\/judo.sv-ulmerfeld.at\/index.php?rest_route=\/wp\/v2\/pages"}],"about":[{"href":"http:\/\/judo.sv-ulmerfeld.at\/index.php?rest_route=\/wp\/v2\/types\/page"}],"author":[{"embeddable":true,"href":"http:\/\/judo.sv-ulmerfeld.at\/index.php?rest_route=\/wp\/v2\/users\/4"}],"replies":[{"embeddable":true,"href":"http:\/\/judo.sv-ulmerfeld.at\/index.php?rest_route=%2Fwp%2Fv2%2Fcomments&post=180"}],"version-history":[{"count":6,"href":"http:\/\/judo.sv-ulmerfeld.at\/index.php?rest_route=\/wp\/v2\/pages\/180\/revisions"}],"predecessor-version":[{"id":668,"href":"http:\/\/judo.sv-ulmerfeld.at\/index.php?rest_route=\/wp\/v2\/pages\/180\/revisions\/668"}],"wp:attachment":[{"href":"http:\/\/judo.sv-ulmerfeld.at\/index.php?rest_route=%2Fwp%2Fv2%2Fmedia&parent=180"}],"curies":[{"name":"wp","href":"https:\/\/api.w.org\/{rel}","templated":true}]}}